{"id":1349,"date":"2023-03-20T19:40:48","date_gmt":"2023-03-20T18:40:48","guid":{"rendered":"https:\/\/dsf-leipzig.de\/dsf2.0\/dance2unite\/?page_id=1349"},"modified":"2023-10-03T19:13:46","modified_gmt":"2023-10-03T17:13:46","slug":"2021-edition","status":"publish","type":"page","link":"https:\/\/dsf-leipzig.de\/dsf2.0\/dance2unite\/2021-edition\/","title":{"rendered":"2021"},"content":{"rendered":"\t\t<div data-elementor-type=\"wp-page\" data-elementor-id=\"1349\" class=\"elementor elementor-1349\">\n\t\t\t\t\t\t<section class=\"elementor-section elementor-top-section elementor-element elementor-element-47e91439 elementor-section-boxed elementor-section-height-default elementor-section-height-default\" data-id=\"47e91439\" data-element_type=\"section\" data-e-type=\"section\">\n\t\t\t\t\t\t<div class=\"elementor-container elementor-column-gap-default\">\n\t\t\t\t\t<div class=\"elementor-column elementor-col-100 elementor-top-column elementor-element elementor-element-62715114\" data-id=\"62715114\" data-element_type=\"column\" data-e-type=\"column\">\n\t\t\t<div class=\"elementor-widget-wrap elementor-element-populated\">\n\t\t\t\t\t\t<div class=\"elementor-element elementor-element-cbdb815 elementor-widget elementor-widget-heading\" data-id=\"cbdb815\" data-element_type=\"widget\" data-e-type=\"widget\" data-widget_type=\"heading.default\">\n\t\t\t\t<div class=\"elementor-widget-container\">\n\t\t\t\t\t<h1 class=\"elementor-heading-title elementor-size-default\">2021<\/h1>\t\t\t\t<\/div>\n\t\t\t\t<\/div>\n\t\t\t\t\t<\/div>\n\t\t<\/div>\n\t\t\t\t\t<\/div>\n\t\t<\/section>\n\t\t\t\t<section class=\"elementor-section elementor-top-section elementor-element elementor-element-3158ede3 elementor-section-boxed elementor-section-height-default elementor-section-height-default\" data-id=\"3158ede3\" data-element_type=\"section\" data-e-type=\"section\">\n\t\t\t\t\t\t<div class=\"elementor-container elementor-column-gap-default\">\n\t\t\t\t\t<div class=\"elementor-column elementor-col-100 elementor-top-column elementor-element elementor-element-62bb200b\" data-id=\"62bb200b\" data-element_type=\"column\" data-e-type=\"column\">\n\t\t\t<div class=\"elementor-widget-wrap elementor-element-populated\">\n\t\t\t\t\t\t<div class=\"elementor-element elementor-element-1097c53d elementor-widget elementor-widget-heading\" data-id=\"1097c53d\" data-element_type=\"widget\" data-e-type=\"widget\" data-widget_type=\"heading.default\">\n\t\t\t\t<div class=\"elementor-widget-container\">\n\t\t\t\t\t<h2 class=\"elementor-heading-title elementor-size-default\">Eine Liebeserkl\u00e4rung an unseren Planeten<\/h2>\t\t\t\t<\/div>\n\t\t\t\t<\/div>\n\t\t\t\t<div class=\"elementor-element elementor-element-38bc619a elementor-widget elementor-widget-heading\" data-id=\"38bc619a\" data-element_type=\"widget\" data-e-type=\"widget\" data-widget_type=\"heading.default\">\n\t\t\t\t<div class=\"elementor-widget-container\">\n\t\t\t\t\t<h3 class=\"elementor-heading-title elementor-size-default\">Projektbeschreibung<\/h3>\t\t\t\t<\/div>\n\t\t\t\t<\/div>\n\t\t\t\t<div class=\"elementor-element elementor-element-d4e3714 elementor-widget elementor-widget-text-editor\" data-id=\"d4e3714\" data-element_type=\"widget\" data-e-type=\"widget\" data-widget_type=\"text-editor.default\">\n\t\t\t\t<div class=\"elementor-widget-container\">\n\t\t\t\t\t\t\t\t\t<p>Unser Planet Erde ist aktuell mehr denn je gro\u00dfen Gefahren ausgesetzt. Wir Menschen haben die M\u00f6glichkeit, durch gemeinsames Handeln, gef\u00e4hrlichen Entwicklungen entgegenzuwirken und den weiteren \u201cZerst\u00f6rungswahn\u201d entschieden abzulehnen. \u00dcber den Tanz m\u00f6chten wir den pers\u00f6nlichen Bezug zu unserem Planeten vertiefen und das Bewusstsein f\u00fcr den Schutz dessen st\u00e4rken. Umweltproblematiken, denen unser Planet heute ausgesetzt ist, sollen sichtbar gemacht- und eine Sensibilisierung f\u00fcr die Umwelt geschaffen werden.<\/p><p>\u00a0<\/p><p>Unserem Planeten Erde geht es nicht gut. Sie \u2013 die Erde \u2013 klagt laut \u00fcber ihr Leiden. Doch wir h\u00f6ren sie nur sehr leise. Was k\u00f6nnen wir daf\u00fcr tun, dass es ihr besser geht? Warum ist es unsere Aufgabe, ja sogar Pflicht, etwas f\u00fcr sie zu tun? Und wie k\u00f6nnen wir es schaffen, dass alle Menschen zusammenhalten, damit die Erde ein sicherer\u00a0Ort f\u00fcr all seine BewohnerInnen bleibt bzw. wird?<\/p><p>\u00a0<\/p><p>Wir hatten viel spa\u00df und wir haben uns von unserer Mutter Erde inspiriert!<\/p>\t\t\t\t\t\t\t\t<\/div>\n\t\t\t\t<\/div>\n\t\t\t\t\t<\/div>\n\t\t<\/div>\n\t\t\t\t\t<\/div>\n\t\t<\/section>\n\t\t\t\t<section class=\"elementor-section elementor-top-section elementor-element elementor-element-50b6a2f1 elementor-section-boxed elementor-section-height-default elementor-section-height-default\" data-id=\"50b6a2f1\" data-element_type=\"section\" data-e-type=\"section\">\n\t\t\t\t\t\t<div class=\"elementor-container elementor-column-gap-default\">\n\t\t\t\t\t<div class=\"elementor-column elementor-col-100 elementor-top-column elementor-element elementor-element-1534a45e\" data-id=\"1534a45e\" data-element_type=\"column\" data-e-type=\"column\">\n\t\t\t<div class=\"elementor-widget-wrap elementor-element-populated\">\n\t\t\t\t\t\t<div class=\"elementor-element elementor-element-4f4b816a elementor-widget elementor-widget-spacer\" data-id=\"4f4b816a\" data-element_type=\"widget\" data-e-type=\"widget\" data-widget_type=\"spacer.default\">\n\t\t\t\t<div class=\"elementor-widget-container\">\n\t\t\t\t\t\t\t<div class=\"elementor-spacer\">\n\t\t\t<div class=\"elementor-spacer-inner\"><\/div>\n\t\t<\/div>\n\t\t\t\t\t\t<\/div>\n\t\t\t\t<\/div>\n\t\t\t\t\t<\/div>\n\t\t<\/div>\n\t\t\t\t\t<\/div>\n\t\t<\/section>\n\t\t\t\t<section class=\"elementor-section elementor-top-section elementor-element elementor-element-371374e4 elementor-section-boxed elementor-section-height-default elementor-section-height-default\" data-id=\"371374e4\" data-element_type=\"section\" data-e-type=\"section\">\n\t\t\t\t\t\t<div class=\"elementor-container elementor-column-gap-default\">\n\t\t\t\t\t<div class=\"elementor-column elementor-col-33 elementor-top-column elementor-element elementor-element-47f39e5a\" data-id=\"47f39e5a\" data-element_type=\"column\" data-e-type=\"column\">\n\t\t\t<div class=\"elementor-widget-wrap elementor-element-populated\">\n\t\t\t\t\t\t<div class=\"elementor-element elementor-element-6a6795f1 elementor-align-center elementor-widget elementor-widget-button\" data-id=\"6a6795f1\" data-element_type=\"widget\" data-e-type=\"widget\" data-widget_type=\"button.default\">\n\t\t\t\t<div class=\"elementor-widget-container\">\n\t\t\t\t\t\t\t\t\t<div class=\"elementor-button-wrapper\">\n\t\t\t\t\t<a class=\"elementor-button elementor-button-link elementor-size-sm\" href=\"https:\/\/dsf-leipzig.de\/dsf2.0\/dance2unite\/2023\/03\/24\/new-2021-paunsdorf\/\">\n\t\t\t\t\t\t<span class=\"elementor-button-content-wrapper\">\n\t\t\t\t\t\t\t\t\t<span class=\"elementor-button-text\">Paunsdorf<\/span>\n\t\t\t\t\t<\/span>\n\t\t\t\t\t<\/a>\n\t\t\t\t<\/div>\n\t\t\t\t\t\t\t\t<\/div>\n\t\t\t\t<\/div>\n\t\t\t\t\t<\/div>\n\t\t<\/div>\n\t\t\t\t<div class=\"elementor-column elementor-col-33 elementor-top-column elementor-element elementor-element-679a5519\" data-id=\"679a5519\" data-element_type=\"column\" data-e-type=\"column\">\n\t\t\t<div class=\"elementor-widget-wrap elementor-element-populated\">\n\t\t\t\t\t\t<div class=\"elementor-element elementor-element-39311f55 elementor-align-center elementor-widget elementor-widget-button\" data-id=\"39311f55\" data-element_type=\"widget\" data-e-type=\"widget\" data-widget_type=\"button.default\">\n\t\t\t\t<div class=\"elementor-widget-container\">\n\t\t\t\t\t\t\t\t\t<div class=\"elementor-button-wrapper\">\n\t\t\t\t\t<a class=\"elementor-button elementor-button-link elementor-size-sm\" href=\"https:\/\/dsf-leipzig.de\/dsf2.0\/dance2unite\/2023\/03\/24\/new-2021-sommer-in-gruenau\/\">\n\t\t\t\t\t\t<span class=\"elementor-button-content-wrapper\">\n\t\t\t\t\t\t\t\t\t<span class=\"elementor-button-text\">Sommer in Gr\u00fcnau<\/span>\n\t\t\t\t\t<\/span>\n\t\t\t\t\t<\/a>\n\t\t\t\t<\/div>\n\t\t\t\t\t\t\t\t<\/div>\n\t\t\t\t<\/div>\n\t\t\t\t\t<\/div>\n\t\t<\/div>\n\t\t\t\t<div class=\"elementor-column elementor-col-33 elementor-top-column elementor-element elementor-element-1b44b9e1\" data-id=\"1b44b9e1\" data-element_type=\"column\" data-e-type=\"column\">\n\t\t\t<div class=\"elementor-widget-wrap elementor-element-populated\">\n\t\t\t\t\t\t<div class=\"elementor-element elementor-element-46889c0b elementor-align-center elementor-widget elementor-widget-button\" data-id=\"46889c0b\" data-element_type=\"widget\" data-e-type=\"widget\" data-widget_type=\"button.default\">\n\t\t\t\t<div class=\"elementor-widget-container\">\n\t\t\t\t\t\t\t\t\t<div class=\"elementor-button-wrapper\">\n\t\t\t\t\t<a class=\"elementor-button elementor-button-link elementor-size-sm\" href=\"https:\/\/dsf-leipzig.de\/dsf2.0\/dance2unite\/2023\/03\/24\/new-2021-winter-in-gruenau\/\">\n\t\t\t\t\t\t<span class=\"elementor-button-content-wrapper\">\n\t\t\t\t\t\t\t\t\t<span class=\"elementor-button-text\">Winter in Gr\u00fcnau<\/span>\n\t\t\t\t\t<\/span>\n\t\t\t\t\t<\/a>\n\t\t\t\t<\/div>\n\t\t\t\t\t\t\t\t<\/div>\n\t\t\t\t<\/div>\n\t\t\t\t\t<\/div>\n\t\t<\/div>\n\t\t\t\t\t<\/div>\n\t\t<\/section>\n\t\t\t\t<section class=\"elementor-section elementor-top-section elementor-element elementor-element-35b2008d elementor-section-boxed elementor-section-height-default elementor-section-height-default\" data-id=\"35b2008d\" data-element_type=\"section\" data-e-type=\"section\">\n\t\t\t\t\t\t<div class=\"elementor-container elementor-column-gap-default\">\n\t\t\t\t\t<div class=\"elementor-column elementor-col-100 elementor-top-column elementor-element elementor-element-1aa44cf2\" data-id=\"1aa44cf2\" data-element_type=\"column\" data-e-type=\"column\">\n\t\t\t<div class=\"elementor-widget-wrap elementor-element-populated\">\n\t\t\t\t\t\t<div class=\"elementor-element elementor-element-66493a8f elementor-widget elementor-widget-spacer\" data-id=\"66493a8f\" data-element_type=\"widget\" data-e-type=\"widget\" data-widget_type=\"spacer.default\">\n\t\t\t\t<div class=\"elementor-widget-container\">\n\t\t\t\t\t\t\t<div class=\"elementor-spacer\">\n\t\t\t<div class=\"elementor-spacer-inner\"><\/div>\n\t\t<\/div>\n\t\t\t\t\t\t<\/div>\n\t\t\t\t<\/div>\n\t\t\t\t\t<\/div>\n\t\t<\/div>\n\t\t\t\t\t<\/div>\n\t\t<\/section>\n\t\t\t\t<section class=\"elementor-section elementor-top-section elementor-element elementor-element-cb41a3f elementor-section-boxed elementor-section-height-default elementor-section-height-default\" data-id=\"cb41a3f\" data-element_type=\"section\" data-e-type=\"section\">\n\t\t\t\t\t\t<div class=\"elementor-container elementor-column-gap-default\">\n\t\t\t\t\t<div class=\"elementor-column elementor-col-25 elementor-top-column elementor-element elementor-element-9f508cb\" data-id=\"9f508cb\" data-element_type=\"column\" data-e-type=\"column\">\n\t\t\t<div class=\"elementor-widget-wrap elementor-element-populated\">\n\t\t\t\t\t\t<div class=\"elementor-element elementor-element-cbca69f elementor-widget elementor-widget-image\" data-id=\"cbca69f\" data-element_type=\"widget\" data-e-type=\"widget\" data-widget_type=\"image.default\">\n\t\t\t\t<div class=\"elementor-widget-container\">\n\t\t\t\t\t\t\t\t\t\t\t\t\t\t\t<img fetchpriority=\"high\" decoding=\"async\" width=\"830\" height=\"382\" src=\"https:\/\/i0.wp.com\/dsf-leipzig.de\/dsf2.0\/dance2unite\/wp-content\/uploads\/sites\/5\/2021\/12\/Logo_ChanceTanz_logo_gefo%CC%88rdert.jpg?fit=830%2C382&amp;ssl=1\" class=\"attachment-large size-large wp-image-453\" alt=\"\" \/>\t\t\t\t\t\t\t\t\t\t\t\t\t\t\t<\/div>\n\t\t\t\t<\/div>\n\t\t\t\t\t<\/div>\n\t\t<\/div>\n\t\t\t\t<div class=\"elementor-column elementor-col-25 elementor-top-column elementor-element elementor-element-ae95ee8\" data-id=\"ae95ee8\" data-element_type=\"column\" data-e-type=\"column\">\n\t\t\t<div class=\"elementor-widget-wrap elementor-element-populated\">\n\t\t\t\t\t\t<div class=\"elementor-element elementor-element-9057e01 elementor-widget elementor-widget-image\" data-id=\"9057e01\" data-element_type=\"widget\" data-e-type=\"widget\" data-widget_type=\"image.default\">\n\t\t\t\t<div class=\"elementor-widget-container\">\n\t\t\t\t\t\t\t\t\t\t\t\t\t\t\t<img decoding=\"async\" width=\"488\" height=\"276\" src=\"https:\/\/i0.wp.com\/dsf-leipzig.de\/dsf2.0\/dance2unite\/wp-content\/uploads\/sites\/5\/2023\/03\/KULTUR-logo-removebg-preview-5.png?fit=488%2C276&amp;ssl=1\" class=\"attachment-large size-large wp-image-1979\" alt=\"\" srcset=\"https:\/\/i0.wp.com\/dsf-leipzig.de\/dsf2.0\/dance2unite\/wp-content\/uploads\/sites\/5\/2023\/03\/KULTUR-logo-removebg-preview-5.png?w=488&amp;ssl=1 488w, https:\/\/i0.wp.com\/dsf-leipzig.de\/dsf2.0\/dance2unite\/wp-content\/uploads\/sites\/5\/2023\/03\/KULTUR-logo-removebg-preview-5.png?resize=300%2C170&amp;ssl=1 300w\" sizes=\"(max-width: 488px) 100vw, 488px\" \/>\t\t\t\t\t\t\t\t\t\t\t\t\t\t\t<\/div>\n\t\t\t\t<\/div>\n\t\t\t\t\t<\/div>\n\t\t<\/div>\n\t\t\t\t<div class=\"elementor-column elementor-col-25 elementor-top-column elementor-element elementor-element-33da493\" data-id=\"33da493\" data-element_type=\"column\" data-e-type=\"column\">\n\t\t\t<div class=\"elementor-widget-wrap elementor-element-populated\">\n\t\t\t\t\t\t<div class=\"elementor-element elementor-element-0ad6c61 elementor-widget elementor-widget-image\" data-id=\"0ad6c61\" data-element_type=\"widget\" data-e-type=\"widget\" data-widget_type=\"image.default\">\n\t\t\t\t<div class=\"elementor-widget-container\">\n\t\t\t\t\t\t\t\t\t\t\t\t\t\t\t<img decoding=\"async\" width=\"367\" height=\"259\" src=\"https:\/\/i0.wp.com\/dsf-leipzig.de\/dsf2.0\/dance2unite\/wp-content\/uploads\/sites\/5\/2023\/03\/Bundesministerium-logo-removebg-preview-5.png?fit=367%2C259&amp;ssl=1\" class=\"attachment-large size-large wp-image-1980\" alt=\"\" srcset=\"https:\/\/i0.wp.com\/dsf-leipzig.de\/dsf2.0\/dance2unite\/wp-content\/uploads\/sites\/5\/2023\/03\/Bundesministerium-logo-removebg-preview-5.png?w=367&amp;ssl=1 367w, https:\/\/i0.wp.com\/dsf-leipzig.de\/dsf2.0\/dance2unite\/wp-content\/uploads\/sites\/5\/2023\/03\/Bundesministerium-logo-removebg-preview-5.png?resize=300%2C212&amp;ssl=1 300w\" sizes=\"(max-width: 367px) 100vw, 367px\" \/>\t\t\t\t\t\t\t\t\t\t\t\t\t\t\t<\/div>\n\t\t\t\t<\/div>\n\t\t\t\t\t<\/div>\n\t\t<\/div>\n\t\t\t\t<div class=\"elementor-column elementor-col-25 elementor-top-column elementor-element elementor-element-977f665\" data-id=\"977f665\" data-element_type=\"column\" data-e-type=\"column\">\n\t\t\t<div class=\"elementor-widget-wrap elementor-element-populated\">\n\t\t\t\t\t\t<div class=\"elementor-element elementor-element-5b4b751 elementor-widget elementor-widget-image\" data-id=\"5b4b751\" data-element_type=\"widget\" data-e-type=\"widget\" data-widget_type=\"image.default\">\n\t\t\t\t<div class=\"elementor-widget-container\">\n\t\t\t\t\t\t\t\t\t\t\t\t\t\t\t<img loading=\"lazy\" decoding=\"async\" width=\"1024\" height=\"634\" src=\"https:\/\/i0.wp.com\/dsf-leipzig.de\/dsf2.0\/dance2unite\/wp-content\/uploads\/sites\/5\/2023\/10\/Captura-de-pantalla-2023-10-03-a-las-19.10.36.png?fit=1024%2C634&amp;ssl=1\" class=\"attachment-large size-large wp-image-2881\" alt=\"\" srcset=\"https:\/\/i0.wp.com\/dsf-leipzig.de\/dsf2.0\/dance2unite\/wp-content\/uploads\/sites\/5\/2023\/10\/Captura-de-pantalla-2023-10-03-a-las-19.10.36.png?w=1360&amp;ssl=1 1360w, https:\/\/i0.wp.com\/dsf-leipzig.de\/dsf2.0\/dance2unite\/wp-content\/uploads\/sites\/5\/2023\/10\/Captura-de-pantalla-2023-10-03-a-las-19.10.36.png?resize=300%2C186&amp;ssl=1 300w, https:\/\/i0.wp.com\/dsf-leipzig.de\/dsf2.0\/dance2unite\/wp-content\/uploads\/sites\/5\/2023\/10\/Captura-de-pantalla-2023-10-03-a-las-19.10.36.png?resize=1024%2C634&amp;ssl=1 1024w, https:\/\/i0.wp.com\/dsf-leipzig.de\/dsf2.0\/dance2unite\/wp-content\/uploads\/sites\/5\/2023\/10\/Captura-de-pantalla-2023-10-03-a-las-19.10.36.png?resize=768%2C475&amp;ssl=1 768w\" sizes=\"(max-width: 1024px) 100vw, 1024px\" \/>\t\t\t\t\t\t\t\t\t\t\t\t\t\t\t<\/div>\n\t\t\t\t<\/div>\n\t\t\t\t\t<\/div>\n\t\t<\/div>\n\t\t\t\t\t<\/div>\n\t\t<\/section>\n\t\t\t\t<\/div>\n\t\t","protected":false},"excerpt":{"rendered":"<p>\/*! elementor &#8211; v3.16.0 &#8211; 20-09-2023 *\/ .elementor-heading-title{padding:0;margin:0;line-height:1}.elementor-widget-heading .elementor-heading-title[class*=elementor-size-]&gt;a{color:inherit;font-size:inherit;line-height:inherit}.elementor-widget-heading .elementor-heading-title.elementor-size-small{font-size:15px}.elementor-widget-heading .elementor-heading-title.elementor-size-medium{font-size:19px}.elementor-widget-heading .elementor-heading-title.elementor-size-large{font-size:29px}.elementor-widget-heading .elementor-heading-title.elementor-size-xl{font-size:39px}.elementor-widget-heading .elementor-heading-title.elementor-size-xxl{font-size:59px} 2021 Eine Liebeserkl\u00e4rung an unseren Planeten Projektbeschreibung Unser Planet Erde ist aktuell mehr denn je gro\u00dfen Gefahren ausgesetzt. Wir Menschen haben die M\u00f6glichkeit, durch gemeinsames Handeln, gef\u00e4hrlichen Entwicklungen entgegenzuwirken und den weiteren \u201cZerst\u00f6rungswahn\u201d entschieden abzulehnen. \u00dcber den Tanz m\u00f6chten wir den [&hellip;]<\/p>\n","protected":false},"author":40,"featured_media":0,"parent":0,"menu_order":0,"comment_status":"closed","ping_status":"closed","template":"","meta":{"_uag_custom_page_level_css":"","site-sidebar-layout":"default","site-content-layout":"","ast-site-content-layout":"default","site-content-style":"default","site-sidebar-style":"default","ast-global-header-display":"","ast-banner-title-visibility":"","ast-main-header-display":"","ast-hfb-above-header-display":"","ast-hfb-below-header-display":"","ast-hfb-mobile-header-display":"","site-post-title":"","ast-breadcrumbs-content":"","ast-featured-img":"","footer-sml-layout":"","ast-disable-related-posts":"","theme-transparent-header-meta":"","adv-header-id-meta":"","stick-header-meta":"","header-above-stick-meta":"","header-main-stick-meta":"","header-below-stick-meta":"","astra-migrate-meta-layouts":"default","ast-page-background-enabled":"default","ast-page-background-meta":{"desktop":{"background-color":"var(--ast-global-color-4)","background-image":"","background-repeat":"repeat","background-position":"center center","background-size":"auto","background-attachment":"scroll","background-type":"","background-media":"","overlay-type":"","overlay-color":"","overlay-opacity":"","overlay-gradient":""},"tablet":{"background-color":"","background-image":"","background-repeat":"repeat","background-position":"center center","background-size":"auto","background-attachment":"scroll","background-type":"","background-media":"","overlay-type":"","overlay-color":"","overlay-opacity":"","overlay-gradient":""},"mobile":{"background-color":"","background-image":"","background-repeat":"repeat","background-position":"center center","background-size":"auto","background-attachment":"scroll","background-type":"","background-media":"","overlay-type":"","overlay-color":"","overlay-opacity":"","overlay-gradient":""}},"ast-content-background-meta":{"desktop":{"background-color":"var(--ast-global-color-5)","background-image":"","background-repeat":"repeat","background-position":"center center","background-size":"auto","background-attachment":"scroll","background-type":"","background-media":"","overlay-type":"","overlay-color":"","overlay-opacity":"","overlay-gradient":""},"tablet":{"background-color":"var(--ast-global-color-5)","background-image":"","background-repeat":"repeat","background-position":"center center","background-size":"auto","background-attachment":"scroll","background-type":"","background-media":"","overlay-type":"","overlay-color":"","overlay-opacity":"","overlay-gradient":""},"mobile":{"background-color":"var(--ast-global-color-5)","background-image":"","background-repeat":"repeat","background-position":"center center","background-size":"auto","background-attachment":"scroll","background-type":"","background-media":"","overlay-type":"","overlay-color":"","overlay-opacity":"","overlay-gradient":""}},"_kadence_starter_templates_imported_post":false,"_joinchat":[],"footnotes":""},"class_list":["post-1349","page","type-page","status-publish","hentry"],"uagb_featured_image_src":{"full":false,"thumbnail":false,"medium":false,"medium_large":false,"large":false,"1536x1536":false,"2048x2048":false},"uagb_author_info":{"display_name":"jesu","author_link":"https:\/\/dsf-leipzig.de\/dsf2.0\/dance2unite\/author\/jesu\/"},"uagb_comment_info":0,"uagb_excerpt":"\/*! elementor &#8211; v3.16.0 &#8211; 20-09-2023 *\/ .elementor-heading-title{padding:0;margin:0;line-height:1}.elementor-widget-heading .elementor-heading-title[class*=elementor-size-]&gt;a{color:inherit;font-size:inherit;line-height:inherit}.elementor-widget-heading .elementor-heading-title.elementor-size-small{font-size:15px}.elementor-widget-heading .elementor-heading-title.elementor-size-medium{font-size:19px}.elementor-widget-heading .elementor-heading-title.elementor-size-large{font-size:29px}.elementor-widget-heading .elementor-heading-title.elementor-size-xl{font-size:39px}.elementor-widget-heading .elementor-heading-title.elementor-size-xxl{font-size:59px} 2021 Eine Liebeserkl\u00e4rung an unseren Planeten Projektbeschreibung Unser Planet Erde ist aktuell mehr denn je gro\u00dfen Gefahren ausgesetzt. Wir Menschen haben die M\u00f6glichkeit, durch gemeinsames Handeln, gef\u00e4hrlichen Entwicklungen entgegenzuwirken und den weiteren \u201cZerst\u00f6rungswahn\u201d entschieden abzulehnen. \u00dcber den Tanz m\u00f6chten wir den&hellip;","jetpack_sharing_enabled":true,"_links":{"self":[{"href":"https:\/\/dsf-leipzig.de\/dsf2.0\/dance2unite\/wp-json\/wp\/v2\/pages\/1349","targetHints":{"allow":["GET"]}}],"collection":[{"href":"https:\/\/dsf-leipzig.de\/dsf2.0\/dance2unite\/wp-json\/wp\/v2\/pages"}],"about":[{"href":"https:\/\/dsf-leipzig.de\/dsf2.0\/dance2unite\/wp-json\/wp\/v2\/types\/page"}],"author":[{"embeddable":true,"href":"https:\/\/dsf-leipzig.de\/dsf2.0\/dance2unite\/wp-json\/wp\/v2\/users\/40"}],"replies":[{"embeddable":true,"href":"https:\/\/dsf-leipzig.de\/dsf2.0\/dance2unite\/wp-json\/wp\/v2\/comments?post=1349"}],"version-history":[{"count":12,"href":"https:\/\/dsf-leipzig.de\/dsf2.0\/dance2unite\/wp-json\/wp\/v2\/pages\/1349\/revisions"}],"predecessor-version":[{"id":2888,"href":"https:\/\/dsf-leipzig.de\/dsf2.0\/dance2unite\/wp-json\/wp\/v2\/pages\/1349\/revisions\/2888"}],"wp:attachment":[{"href":"https:\/\/dsf-leipzig.de\/dsf2.0\/dance2unite\/wp-json\/wp\/v2\/media?parent=1349"}],"curies":[{"name":"wp","href":"https:\/\/api.w.org\/{rel}","templated":true}]}}