{"id":9,"date":"2019-11-04T20:22:28","date_gmt":"2019-11-04T19:22:28","guid":{"rendered":"http:\/\/dsf-leipzig.de\/dsf2.0\/puente\/?page_id=9"},"modified":"2021-04-24T09:04:09","modified_gmt":"2021-04-24T07:04:09","slug":"sanidad","status":"publish","type":"page","link":"https:\/\/dsf-leipzig.de\/dsf2.0\/puente\/sanidad\/","title":{"rendered":"SANIDAD"},"content":{"rendered":"<h4>SEGURO M\u00c9DICO<\/h4>\n<h6>Seguro M\u00e9dico Obligatorio<\/h6>\n<p style=\"padding-left: 40px;\">Toda persona que viva y\/o trabaje en Alemania debe contratar un seguro m\u00e9dico. \u00c9ste se obtiene con una caja de prestaci\u00f3n de servicios de salud (Krankenkasse) que podr\u00e1 ser elegida libremente. El sistema de salud en Alemania es de pago. Para obtener m\u00e1s informaci\u00f3n al respecto:<\/p>\n<p style=\"padding-left: 40px;\">Portal oficial: <a href=\"https:\/\/www.krankenkassen.de\/\" target=\"_blank\" rel=\"noopener\">www.krankenkassen.de<\/a><\/p>\n<p style=\"padding-left: 40px;\">Gu\u00eda sobre el Sistema de Salud en Alemania: www.migrationsportal.de<\/p>\n<p style=\"padding-left: 40px;\">Informaci\u00f3n oficial del Ministerio de Familia Alem\u00e1n: <a href=\"https:\/\/www.bmfsfj.de\/\" target=\"_blank\" rel=\"noopener\">www.bmfsfj.de<\/a><\/p>\n<h6>Seguros opcionales para extranjeros\/as<\/h6>\n<p style=\"padding-left: 40px;\">Aplicable a las personas que se encuentren en el pa\u00eds por motivos de viaje, por un par de d\u00edas, por estudios, turismo, curso de integraci\u00f3n\/clases de alem\u00e1n, trabajo, etc. Varios ejemplos donde se puede encontrar m\u00e1s informaci\u00f3n sobre este tema, se enlistan a continuaci\u00f3n:<\/p>\n<p style=\"padding-left: 40px;\"><a href=\"https:\/\/www.mawista.com\/es\/\" target=\"_blank\" rel=\"noopener\">www.mawista.com&nbsp;<\/a><br>\n<a href=\"https:\/\/www.kkh.de\/englisch\" target=\"_blank\" rel=\"noopener\">www.kkh.de<\/a><br>\n<a href=\"https:\/\/europa.eu\/youreurope\/citizens\/health\/unplanned-healthcare\/temporary-stays\/index_es.htm\" target=\"_blank\" rel=\"noopener\">europa.eu<\/a><\/p>\n<h6>Solicitud Tarjeta Sanitaria Europea \u201cTSE\u201d o \u201cCPS\u201d para ciudadanos\/as espa\u00f1oles\/as<\/h6>\n<p style=\"padding-left: 40px;\">La informaci\u00f3n sobre este documento puede verificarse directamente en el <a href=\"https:\/\/sede.seg-social.gob.es\/wps\/portal\/sede\/sede\/Ciudadanos\/asistencia%20sanitaria\/202046\/!ut\/p\/z1\/pVJNc8IgFPwr7cFjhkeISI6x46Rao5M60YSLgyRR2krUUPvx60usMz206nSEE8t7uwtvEUcp4lrs1VIYVWnxYs8Zp3OCqYd9wMMQ-j0Ikugh8UlMQpei2aEATqwAED_fP0UccanNxqxQVhd5MZeVNoVWeVW3oAFaINVrLnKhG0TUqrbXUombWmhlxE6JFrh2e7Sh2kiVo4wtCMOUtJ1S4IXjFcJ3Fi5jjpClZNLHtKDe0foJb-BftD5r9C4wHArO_E5mPXR-GABCCyddmEzBxRASNNur4g0lutqt7Tgm_3zi_S-FEMftRmHM-o8xBta5UuGbvj1mgAfgDoFGDAI_niTDESbQ8a6kH1wagg2ou4vuoqWlFWblKF1WKP0rJSg9psS2qKftlgc2eE3W3g1Kr03eJC_QZp2sGflwnsuoR7xssP_sjhyeMcOC2y-j7e4R\/dz\/d5\/L2dBISEvZ0FBIS9nQSEh\/\" target=\"_blank\" rel=\"noopener\">portal oficial.<\/a><\/p>\n<p style=\"padding-left: 40px;\">Otra informaci\u00f3n relevante a continuaci\u00f3n:<\/p>\n<p style=\"padding-left: 40px;\">Ejemplo solicitud:<a href=\"http:\/\/www.dsf-leipzig.de\/forodsf\/download\/file.php?id=4\" target=\"_blank\" rel=\"noopener\"> www.dsf-leipzig.de&nbsp;<\/a><\/p>\n<p style=\"padding-left: 40px;\">Contacto Consejer\u00eda de Trabajo y Asuntos Sociales en la Embajada Espa\u00f1ola de Berl\u00edn: e-mail: <em>alemania.asesoria@meyss.es<\/em> y tel\u00e9fono <em>030 25 40 07 458&nbsp;<\/em><\/p>\n<p style=\"padding-left: 40px;\">Contacto en caso de que no sea aceptado: <em>solvit@ue.maec.es<\/em><\/p>\n<h6>Gu\u00eda sobre la Seguridad Social en Alemania<\/h6>\n<p style=\"padding-left: 40px;\">En esta gu\u00eda se encuentran resumidos los aspectos m\u00e1s importantes de temas como subsidio familiar por hijos\/as (<em>Kindergeld<\/em>), per\u00edodo de excedencia por maternidad\/paternidad (<em>Elternzeit<\/em>), protecci\u00f3n de la maternidad (<em>Mutterschutz<\/em>), derechos laborales, protecci\u00f3n, prevenci\u00f3n y seguro de accidentes, seguro de enfermedad y de pensiones, indemnizaciones, asistencia social, subsidio vivienda (<em>Wohngeld<\/em>), etc.<\/p>\n<p style=\"padding-left: 40px;\">En el siguiente enlace se obtiene informaci\u00f3n detallada sobre la gu\u00eda: <a href=\"http:\/\/www.bmas.de\/SharedDocs\/Downloads\/DE\/PDF-Publikationen\/a997-soziale-sicherung-gesamt-spanisch.pdf?__blob=publicationFile&amp;v=2\" target=\"_blank\" rel=\"noopener\">www.bmas.de<\/a><\/p>\n<p style=\"padding-left: 40px;\">El Estado de Sajonia tambi\u00e9n ha publicado una gu\u00eda para migrantes sobre los servicios de salud \u00ab<em>Gesundheitswegweiser f\u00fcr Migranten 2016<\/em>\u00bb que se puede descargar en versi\u00f3n pdf en el siguiente enlace: publikationen.sachsen.de<\/p>\n<h6>M\u00e9dicos que atienden en espa\u00f1ol en Leipzig<\/h6>\n<p style=\"padding-left: 40px;\">A continuaci\u00f3n se enlistan los nombres de profesionales de la salud que ofrecen consulta en espa\u00f1ol.<\/p>\n<p style=\"padding-left: 40px;\">Lista de m\u00e9dicos elaborada por la Deutsch-Spanische Freundschaft e.V.\/Asociaci\u00f3n Amistad Hispano-Alemana de Leipzig (2020): <a href=\"https:\/\/docs.google.com\/document\/d\/1km8xKVqBvJ5POLBzYBs_4idC32dCn9LM5f3uwTBbrXk\/edit\" target=\"_blank\" rel=\"noopener\">docs.google.com<\/a><\/p>\n<p style=\"padding-left: 40px;\">Listado de los m\u00e9dicos y especialistas que ofrecen sus servicios en diversos idiomas (2016): <a href=\"https:\/\/www.leipzig.de\/jugend-familie-und-soziales\/gesundheit\/\" target=\"_blank\" rel=\"noopener\">www.leipzig.de\/jugend-familie-und-soziales\/gesundheit<\/a><\/p>\n<h6>Informaci\u00f3n en alem\u00e1n: \u00bfEnfermo y sin papeles?<\/h6>\n<p style=\"padding-left: 40px;\">La Asociaci\u00f3n Medinetz Leipzig e.V. ofrece asesor\u00eda sobre qu\u00e9 hacer en estos casos. P\u00e1gina web: <a href=\"http:\/\/www.medinetz-leipzig.de\" target=\"_blank\" rel=\"noopener\">www.medinetz-leipzig.de<\/a><\/p>\n<p style=\"padding-left: 40px;\">Los datos de contacto tambi\u00e9n se encuentran disponibles a continuaci\u00f3n:<\/p>\n<p style=\"padding-left: 40px;\">Medinetz Leipzig e.V. c\/o CABL e.V. &#8211; Taubestra\u00dfe 2, 04347 Leipzig.<br>\nEl horario de atenci\u00f3n son los <em>martes de 17:00 a 20:00 y los viernes de 09:00 a 12:00.<\/em><br>\nLas personas que atienden son de la nueva asociaci\u00f3n CABL e.V. (<a href=\"https:\/\/cab-leipzig.de\/\">https:\/\/cab-leipzig.de\/<\/a>).<br>\nSu n\u00famero es <em>0176 45982130<\/em>. El numero de Medinetz es <em>0176&nbsp; 61727501.<\/em><\/p>\n\n\n<p><strong>TEPT\/PTSD<\/strong>:  En nuestra investigaci\u00f3n encontramos m\u00e1s direcciones y material, que lo que pudimos imprimir. Aqu\u00ed podr\u00e1 encontrar los textos completos y en ellos enlaces directos para acceder a fuentes de informaci\u00f3n externas. (<a rel=\"noreferrer noopener\" href=\"http:\/\/dsf-leipzig.de\/dsf2.0\/trauma\/\" target=\"_blank\">http:\/\/dsf-leipzig.de\/dsf2.0\/trauma\/<\/a>)<\/p>\n","protected":false},"excerpt":{"rendered":"<p>SEGURO M\u00c9DICO Seguro M\u00e9dico Obligatorio Toda persona que viva y\/o trabaje en Alemania debe contratar un seguro m\u00e9dico. \u00c9ste se obtiene con una caja de prestaci\u00f3n de servicios de salud (Krankenkasse) que podr\u00e1 ser elegida libremente. El sistema de salud en Alemania es de pago. Para obtener m\u00e1s informaci\u00f3n al respecto: Portal oficial: www.krankenkassen.de Gu\u00eda [&hellip;]<\/p>\n","protected":false},"author":27,"featured_media":0,"parent":0,"menu_order":0,"comment_status":"closed","ping_status":"closed","template":"","meta":{"_uag_custom_page_level_css":"","_kadence_starter_templates_imported_post":false,"_joinchat":[],"footnotes":""},"class_list":["post-9","page","type-page","status-publish","hentry"],"uagb_featured_image_src":{"full":false,"thumbnail":false,"medium":false,"medium_large":false,"large":false,"1536x1536":false,"2048x2048":false,"news-portal-block-medium":false,"news-portal-block-thumb":false,"news-portal-slider-medium":false,"news-portal-carousel-portrait":false,"news-portal-alternate-grid":false},"uagb_author_info":{"display_name":"Administrador","author_link":"https:\/\/dsf-leipzig.de\/dsf2.0\/puente\/author\/admin1\/"},"uagb_comment_info":0,"uagb_excerpt":"SEGURO M\u00c9DICO Seguro M\u00e9dico Obligatorio Toda persona que viva y\/o trabaje en Alemania debe contratar un seguro m\u00e9dico. \u00c9ste se obtiene con una caja de prestaci\u00f3n de servicios de salud (Krankenkasse) que podr\u00e1 ser elegida libremente. El sistema de salud en Alemania es de pago. Para obtener m\u00e1s informaci\u00f3n al respecto: Portal oficial: www.krankenkassen.de Gu\u00eda&hellip;","jetpack_sharing_enabled":true,"_links":{"self":[{"href":"https:\/\/dsf-leipzig.de\/dsf2.0\/puente\/wp-json\/wp\/v2\/pages\/9","targetHints":{"allow":["GET"]}}],"collection":[{"href":"https:\/\/dsf-leipzig.de\/dsf2.0\/puente\/wp-json\/wp\/v2\/pages"}],"about":[{"href":"https:\/\/dsf-leipzig.de\/dsf2.0\/puente\/wp-json\/wp\/v2\/types\/page"}],"author":[{"embeddable":true,"href":"https:\/\/dsf-leipzig.de\/dsf2.0\/puente\/wp-json\/wp\/v2\/users\/27"}],"replies":[{"embeddable":true,"href":"https:\/\/dsf-leipzig.de\/dsf2.0\/puente\/wp-json\/wp\/v2\/comments?post=9"}],"version-history":[{"count":15,"href":"https:\/\/dsf-leipzig.de\/dsf2.0\/puente\/wp-json\/wp\/v2\/pages\/9\/revisions"}],"predecessor-version":[{"id":362,"href":"https:\/\/dsf-leipzig.de\/dsf2.0\/puente\/wp-json\/wp\/v2\/pages\/9\/revisions\/362"}],"wp:attachment":[{"href":"https:\/\/dsf-leipzig.de\/dsf2.0\/puente\/wp-json\/wp\/v2\/media?parent=9"}],"curies":[{"name":"wp","href":"https:\/\/api.w.org\/{rel}","templated":true}]}}