{"id":817,"date":"2022-01-29T09:38:38","date_gmt":"2022-01-29T08:38:38","guid":{"rendered":"http:\/\/dsf-leipzig.de\/dsf2.0\/wmo\/?page_id=817"},"modified":"2022-09-20T07:35:36","modified_gmt":"2022-09-20T05:35:36","slug":"wmo-abschluss-feedback-ausblick","status":"publish","type":"page","link":"https:\/\/dsf-leipzig.de\/dsf2.0\/wmo\/","title":{"rendered":"WMO 2022"},"content":{"rendered":"\n<div class=\"wp-block-group alignfull has-ast-global-color-5-background-color has-background\"><div class=\"wp-block-group__inner-container is-layout-flow wp-block-group-is-layout-flow\">\n<h2 class=\"has-text-align-center wp-block-heading\" id=\"informationen-teilen-strukturen-starken\"><strong>Informationen teilen, Strukturen st\u00e4rken!<\/strong><\/h2>\n\n\n\n<p class=\"has-text-align-center\">Wir wollen auch weiterhin einen Rahmen zu thematischem Austausch erm\u00f6glichen, um einander bei Fragen der t\u00e4glichen Vereinsarbeit zu unterst\u00fctzen und zusammenzuwachsen. Konferenzen, Workshops, digitale Sammlungen&#8230; es gibt viele Ideen, wie wir auch weiterhin unser Wissen teilen k\u00f6nnen. \u00dcber&nbsp;<strong>kommende Veranstaltungen<\/strong>&nbsp;werden wir weiterhin \u00fcber die g\u00e4ngigen E-Mail Verteiler und im Rahmen der AG Migrant:innenorganisationen informieren.<\/p>\n\n\n\n<div style=\"height:20px\" aria-hidden=\"true\" class=\"wp-block-spacer\"><\/div>\n<\/div><\/div>\n\n\n\n<div class=\"wp-block-columns is-layout-flex wp-container-core-columns-is-layout-9d6595d7 wp-block-columns-is-layout-flex\">\n<div class=\"wp-block-column is-layout-flow wp-block-column-is-layout-flow\">\n<figure class=\"wp-block-image size-full\"><img loading=\"lazy\" decoding=\"async\" width=\"940\" height=\"940\" src=\"https:\/\/dsf-leipzig.de\/dsf2.0\/wmo\/wp-content\/uploads\/sites\/9\/2022\/07\/FB-Post-Banner-Kick-Off-und-Offenes-Treffs-940-\u00d7-940-px-2.jpg\" alt=\"\" class=\"wp-image-1446\" srcset=\"https:\/\/dsf-leipzig.de\/dsf2.0\/wmo\/wp-content\/uploads\/sites\/9\/2022\/07\/FB-Post-Banner-Kick-Off-und-Offenes-Treffs-940-\u00d7-940-px-2.jpg 940w, https:\/\/dsf-leipzig.de\/dsf2.0\/wmo\/wp-content\/uploads\/sites\/9\/2022\/07\/FB-Post-Banner-Kick-Off-und-Offenes-Treffs-940-\u00d7-940-px-2-300x300.jpg 300w, https:\/\/dsf-leipzig.de\/dsf2.0\/wmo\/wp-content\/uploads\/sites\/9\/2022\/07\/FB-Post-Banner-Kick-Off-und-Offenes-Treffs-940-\u00d7-940-px-2-150x150.jpg 150w, https:\/\/dsf-leipzig.de\/dsf2.0\/wmo\/wp-content\/uploads\/sites\/9\/2022\/07\/FB-Post-Banner-Kick-Off-und-Offenes-Treffs-940-\u00d7-940-px-2-768x768.jpg 768w\" sizes=\"auto, (max-width: 940px) 100vw, 940px\" \/><figcaption><a href=\"https:\/\/dsf-leipzig.de\/dsf2.0\/wmo\/events\/\" target=\"_blank\" rel=\"noreferrer noopener\">Mehr erfahren <\/a><\/figcaption><\/figure>\n\n\n\n<p>Damit Sie den \u00dcberblick gut behalten k\u00f6nnen, finden Sie eine \u00dcbersicht alle vergangenen und bevorstehenden Termine f\u00fcr Veranstaltungen und Antragsfristen.<\/p>\n<\/div>\n\n\n\n<div class=\"wp-block-column is-layout-flow wp-block-column-is-layout-flow\">\n<figure class=\"wp-block-image size-full\"><img loading=\"lazy\" decoding=\"async\" width=\"940\" height=\"940\" src=\"https:\/\/dsf-leipzig.de\/dsf2.0\/wmo\/wp-content\/uploads\/sites\/9\/2022\/07\/FB-Post-Banner-Kick-Off-und-Offenes-Treffs-940-\u00d7-940-px-4.png\" alt=\"\" class=\"wp-image-1448\" srcset=\"https:\/\/dsf-leipzig.de\/dsf2.0\/wmo\/wp-content\/uploads\/sites\/9\/2022\/07\/FB-Post-Banner-Kick-Off-und-Offenes-Treffs-940-\u00d7-940-px-4.png 940w, https:\/\/dsf-leipzig.de\/dsf2.0\/wmo\/wp-content\/uploads\/sites\/9\/2022\/07\/FB-Post-Banner-Kick-Off-und-Offenes-Treffs-940-\u00d7-940-px-4-300x300.png 300w, https:\/\/dsf-leipzig.de\/dsf2.0\/wmo\/wp-content\/uploads\/sites\/9\/2022\/07\/FB-Post-Banner-Kick-Off-und-Offenes-Treffs-940-\u00d7-940-px-4-150x150.png 150w, https:\/\/dsf-leipzig.de\/dsf2.0\/wmo\/wp-content\/uploads\/sites\/9\/2022\/07\/FB-Post-Banner-Kick-Off-und-Offenes-Treffs-940-\u00d7-940-px-4-768x768.png 768w\" sizes=\"auto, (max-width: 940px) 100vw, 940px\" \/><figcaption><a href=\"https:\/\/dsf-leipzig.de\/dsf2.0\/wmo\/category\/tagung\/\" data-type=\"category\" data-id=\"36\">Mehr erfahren <\/a><\/figcaption><\/figure>\n\n\n\n<p>Expert:innen und Aktive aus Migrant:innenorganisationen und -initiativen sollen an diese Tag mit Akteur:innen aus Politik, Verwaltung und Gesellschaft in Kontakt kommen. <\/p>\n<\/div>\n\n\n\n<div class=\"wp-block-column is-layout-flow wp-block-column-is-layout-flow\">\n<figure class=\"wp-block-image size-full\"><img loading=\"lazy\" decoding=\"async\" width=\"940\" height=\"940\" src=\"https:\/\/dsf-leipzig.de\/dsf2.0\/wmo\/wp-content\/uploads\/sites\/9\/2022\/07\/FB-Post-Banner-Kick-Off-und-Offenes-Treffs-940-\u00d7-940-px-3.png\" alt=\"\" class=\"wp-image-1447\" srcset=\"https:\/\/dsf-leipzig.de\/dsf2.0\/wmo\/wp-content\/uploads\/sites\/9\/2022\/07\/FB-Post-Banner-Kick-Off-und-Offenes-Treffs-940-\u00d7-940-px-3.png 940w, https:\/\/dsf-leipzig.de\/dsf2.0\/wmo\/wp-content\/uploads\/sites\/9\/2022\/07\/FB-Post-Banner-Kick-Off-und-Offenes-Treffs-940-\u00d7-940-px-3-300x300.png 300w, https:\/\/dsf-leipzig.de\/dsf2.0\/wmo\/wp-content\/uploads\/sites\/9\/2022\/07\/FB-Post-Banner-Kick-Off-und-Offenes-Treffs-940-\u00d7-940-px-3-150x150.png 150w, https:\/\/dsf-leipzig.de\/dsf2.0\/wmo\/wp-content\/uploads\/sites\/9\/2022\/07\/FB-Post-Banner-Kick-Off-und-Offenes-Treffs-940-\u00d7-940-px-3-768x768.png 768w\" sizes=\"auto, (max-width: 940px) 100vw, 940px\" \/><figcaption><a href=\"https:\/\/dsf-leipzig.de\/dsf2.0\/wmo\/category\/offene-treffs-wmo\/\" data-type=\"category\" data-id=\"19\">Mehr erfahren <\/a><\/figcaption><\/figure>\n\n\n\n<p>Die offenen Treffs werden dieses Jahr an insgesamt vier Terminen stattfinden. Sie sind ein Ort f\u00fcr alle Migrant:innenorganisationen und<strong> &#8211;<\/strong>initiativen in Leipzig, zum Kennenlernen, Vernetzen, Fragen und Austauschen.<\/p>\n<\/div>\n<\/div>\n\n\n\n<div class=\"wp-block-columns is-layout-flex wp-container-core-columns-is-layout-9d6595d7 wp-block-columns-is-layout-flex\">\n<div class=\"wp-block-column is-layout-flow wp-block-column-is-layout-flow\">\n<figure class=\"wp-block-image size-full\"><img loading=\"lazy\" decoding=\"async\" width=\"500\" height=\"500\" src=\"https:\/\/dsf-leipzig.de\/dsf2.0\/wmo\/wp-content\/uploads\/sites\/9\/2021\/09\/500x500_Logo_AG-Migrantenorganisationen-1.png\" alt=\"\" class=\"wp-image-899\" srcset=\"https:\/\/dsf-leipzig.de\/dsf2.0\/wmo\/wp-content\/uploads\/sites\/9\/2021\/09\/500x500_Logo_AG-Migrantenorganisationen-1.png 500w, https:\/\/dsf-leipzig.de\/dsf2.0\/wmo\/wp-content\/uploads\/sites\/9\/2021\/09\/500x500_Logo_AG-Migrantenorganisationen-1-300x300.png 300w, https:\/\/dsf-leipzig.de\/dsf2.0\/wmo\/wp-content\/uploads\/sites\/9\/2021\/09\/500x500_Logo_AG-Migrantenorganisationen-1-150x150.png 150w\" sizes=\"auto, (max-width: 500px) 100vw, 500px\" \/><figcaption><a href=\"https:\/\/dsf-leipzig.de\/dsf2.0\/wmo\/category\/ag-migrantinnenorganisationen\/\" target=\"_blank\" rel=\"noreferrer noopener\">Mehr erfahren <\/a><\/figcaption><\/figure>\n\n\n\n<p>Die AG ist ein Treffen von Leipziger Vereinen, Initiativen und Vertreter*innen der Stadtverwaltung. Die Treffen (2-3 mal pro Jahr) bieten M\u00f6glichkeiten zum gegenseitigen Kennenlernen, zur Vernetzung, zur Vorstellung von Aktivit\u00e4ten, zum Austausch von Erfahrungen und zur Diskussion von relevanten Themen.<\/p>\n<\/div>\n\n\n\n<div class=\"wp-block-column is-layout-flow wp-block-column-is-layout-flow\">\n<figure class=\"wp-block-image size-full\"><img loading=\"lazy\" decoding=\"async\" width=\"940\" height=\"940\" src=\"https:\/\/dsf-leipzig.de\/dsf2.0\/wmo\/wp-content\/uploads\/sites\/9\/2022\/07\/Fo\u0308rderungen.png\" alt=\"\" class=\"wp-image-1455\" srcset=\"https:\/\/dsf-leipzig.de\/dsf2.0\/wmo\/wp-content\/uploads\/sites\/9\/2022\/07\/Fo\u0308rderungen.png 940w, https:\/\/dsf-leipzig.de\/dsf2.0\/wmo\/wp-content\/uploads\/sites\/9\/2022\/07\/Fo\u0308rderungen-300x300.png 300w, https:\/\/dsf-leipzig.de\/dsf2.0\/wmo\/wp-content\/uploads\/sites\/9\/2022\/07\/Fo\u0308rderungen-150x150.png 150w, https:\/\/dsf-leipzig.de\/dsf2.0\/wmo\/wp-content\/uploads\/sites\/9\/2022\/07\/Fo\u0308rderungen-768x768.png 768w\" sizes=\"auto, (max-width: 940px) 100vw, 940px\" \/><figcaption><a href=\"https:\/\/dsf-leipzig.de\/dsf2.0\/wmo\/category\/foerderung\/\" target=\"_blank\" rel=\"noreferrer noopener\">Mehr erfahren <\/a><\/figcaption><\/figure>\n\n\n\n<p>Um Projekttr\u00e4gern die Planung eines gemeinwesenorientierten Projektes in Bezug auf die Antragstellung zu erleichtern, haben wir nachfolgende Umfrage erstellt. Detaillierte Informationen zu den jeweiligen Ausschreibungen\/F\u00f6rderungen auf Kommunal- und Landesebene haben wir weiter unten f\u00fcr Sie zusammengestellt.<\/p>\n<\/div>\n\n\n\n<div class=\"wp-block-column is-layout-flow wp-block-column-is-layout-flow\">\n<figure class=\"wp-block-image size-full\"><img loading=\"lazy\" decoding=\"async\" width=\"940\" height=\"940\" src=\"https:\/\/dsf-leipzig.de\/dsf2.0\/wmo\/wp-content\/uploads\/sites\/9\/2022\/07\/Mailingliste.png\" alt=\"\" class=\"wp-image-1456\" srcset=\"https:\/\/dsf-leipzig.de\/dsf2.0\/wmo\/wp-content\/uploads\/sites\/9\/2022\/07\/Mailingliste.png 940w, https:\/\/dsf-leipzig.de\/dsf2.0\/wmo\/wp-content\/uploads\/sites\/9\/2022\/07\/Mailingliste-300x300.png 300w, https:\/\/dsf-leipzig.de\/dsf2.0\/wmo\/wp-content\/uploads\/sites\/9\/2022\/07\/Mailingliste-150x150.png 150w, https:\/\/dsf-leipzig.de\/dsf2.0\/wmo\/wp-content\/uploads\/sites\/9\/2022\/07\/Mailingliste-768x768.png 768w\" sizes=\"auto, (max-width: 940px) 100vw, 940px\" \/><figcaption><a href=\"https:\/\/dsf-leipzig.de\/dsf2.0\/wmo\/2022\/01\/30\/neue-mailingliste-mo-leipzig\/\" target=\"_blank\" rel=\"noreferrer noopener\">Mehr erfahren <\/a><\/figcaption><\/figure>\n\n\n\n<p>Wir haben eine neue Mailingliste gestartet &#8211; als M\u00f6glichkeit der&nbsp;<strong>direkten Vernetzung zwischen den Leipziger Migrant:innen-Organisationen und (post-)migrantischen Initiativen<\/strong>. Alle Mitglieder dieser Liste k\u00f6nnen E-Mails direkt an alle anderen Mitglieder der Liste schicken.  <\/p>\n<\/div>\n<\/div>\n\n\n\n<div class=\"wp-block-columns is-layout-flex wp-container-core-columns-is-layout-9d6595d7 wp-block-columns-is-layout-flex\">\n<div class=\"wp-block-column is-layout-flow wp-block-column-is-layout-flow\">\n<figure class=\"wp-block-image size-full\"><img loading=\"lazy\" decoding=\"async\" width=\"940\" height=\"940\" src=\"https:\/\/dsf-leipzig.de\/dsf2.0\/wmo\/wp-content\/uploads\/sites\/9\/2022\/07\/Afeefa-Leipzig-.png\" alt=\"\" class=\"wp-image-1453\" srcset=\"https:\/\/dsf-leipzig.de\/dsf2.0\/wmo\/wp-content\/uploads\/sites\/9\/2022\/07\/Afeefa-Leipzig-.png 940w, https:\/\/dsf-leipzig.de\/dsf2.0\/wmo\/wp-content\/uploads\/sites\/9\/2022\/07\/Afeefa-Leipzig--300x300.png 300w, https:\/\/dsf-leipzig.de\/dsf2.0\/wmo\/wp-content\/uploads\/sites\/9\/2022\/07\/Afeefa-Leipzig--150x150.png 150w, https:\/\/dsf-leipzig.de\/dsf2.0\/wmo\/wp-content\/uploads\/sites\/9\/2022\/07\/Afeefa-Leipzig--768x768.png 768w\" sizes=\"auto, (max-width: 940px) 100vw, 940px\" \/><figcaption><a href=\"https:\/\/dsf-leipzig.de\/dsf2.0\/wmo\/category\/afeefa\/\" data-type=\"category\" data-id=\"43\">Mehr erfahren <\/a><\/figcaption><\/figure>\n\n\n\n<p>Afeefa gibt dir mit der digitalen Stadtkarte einen \u00dcberblick \u00fcber die vielf\u00e4ltigen Orte und M\u00f6glichkeiten in Leipzig. Du suchst z.B. nach Beratung, \u00c4rzten in deiner Muttersprache oder Freizeitangeboten? Du m\u00f6chtest selbst ein Angebot einstellen oder dich mit anderen Akteuren vernetzen? Du m\u00f6chtest dich ehrenamtlich engagieren und aktiv helfen? Bei Afeefa findest du verschiedenste Akteure und Angebote f\u00fcr Menschen mit und ohne internationaler Geschichte in Leipzig auf einen Blick!<\/p>\n<\/div>\n\n\n\n<div class=\"wp-block-column is-layout-flow wp-block-column-is-layout-flow\">\n<figure class=\"wp-block-image size-full\"><img loading=\"lazy\" decoding=\"async\" width=\"940\" height=\"940\" src=\"https:\/\/dsf-leipzig.de\/dsf2.0\/wmo\/wp-content\/uploads\/sites\/9\/2022\/07\/18.png\" alt=\"\" class=\"wp-image-1452\" srcset=\"https:\/\/dsf-leipzig.de\/dsf2.0\/wmo\/wp-content\/uploads\/sites\/9\/2022\/07\/18.png 940w, https:\/\/dsf-leipzig.de\/dsf2.0\/wmo\/wp-content\/uploads\/sites\/9\/2022\/07\/18-300x300.png 300w, https:\/\/dsf-leipzig.de\/dsf2.0\/wmo\/wp-content\/uploads\/sites\/9\/2022\/07\/18-150x150.png 150w, https:\/\/dsf-leipzig.de\/dsf2.0\/wmo\/wp-content\/uploads\/sites\/9\/2022\/07\/18-768x768.png 768w\" sizes=\"auto, (max-width: 940px) 100vw, 940px\" \/><figcaption><a href=\"http:\/\/dsf-leipzig.de\/dsf2.0\/lofe\/\" target=\"_blank\" rel=\"noreferrer noopener\">Mehr erfahren <\/a><\/figcaption><\/figure>\n\n\n\n<p>LO.FE ist ein Informations- und Begegnungsfest. Vereine, Institutionen und Initiativen stellen ihre Angebote vor und freuen sich auf Fragen wie diese: Wer hilft mir bei meinem Problem? Wo finde ich Unterst\u00fctzung im Stadtteil? Wie kann ich mich einbringen oder engagieren? Eingeladen sind alle interessierten Bewohner\/-innen, insbesondere mit Flucht- und\/oder Migrationshintergrund aus dem Leipziger Osten.<\/p>\n<\/div>\n\n\n\n<div class=\"wp-block-column is-layout-flow wp-block-column-is-layout-flow\">\n<figure class=\"wp-block-image size-full\"><img loading=\"lazy\" decoding=\"async\" width=\"940\" height=\"940\" src=\"https:\/\/dsf-leipzig.de\/dsf2.0\/wmo\/wp-content\/uploads\/sites\/9\/2022\/07\/FB-Post-Banner-Kick-Off-und-Offenes-Treffs-940-\u00d7-940-px-2.png\" alt=\"\" class=\"wp-image-1465\" srcset=\"https:\/\/dsf-leipzig.de\/dsf2.0\/wmo\/wp-content\/uploads\/sites\/9\/2022\/07\/FB-Post-Banner-Kick-Off-und-Offenes-Treffs-940-\u00d7-940-px-2.png 940w, https:\/\/dsf-leipzig.de\/dsf2.0\/wmo\/wp-content\/uploads\/sites\/9\/2022\/07\/FB-Post-Banner-Kick-Off-und-Offenes-Treffs-940-\u00d7-940-px-2-300x300.png 300w, https:\/\/dsf-leipzig.de\/dsf2.0\/wmo\/wp-content\/uploads\/sites\/9\/2022\/07\/FB-Post-Banner-Kick-Off-und-Offenes-Treffs-940-\u00d7-940-px-2-150x150.png 150w, https:\/\/dsf-leipzig.de\/dsf2.0\/wmo\/wp-content\/uploads\/sites\/9\/2022\/07\/FB-Post-Banner-Kick-Off-und-Offenes-Treffs-940-\u00d7-940-px-2-768x768.png 768w\" sizes=\"auto, (max-width: 940px) 100vw, 940px\" \/><figcaption><a href=\"https:\/\/dsf-leipzig.de\/dsf2.0\/wmo\/category\/lernwerkstaetten-wmo\/\" data-type=\"category\" data-id=\"20\">Mehr erfahren <\/a><\/figcaption><\/figure>\n\n\n\n<p>Bei den Lernwerkst\u00e4tten besteht lernen wir gemeinsam z.B., wie man F\u00f6rderantr\u00e4ge stellt oder neue Ehrenamtliche findet. Im Jahr 2021 fanden im Rahmen der Werkstatt der Leipziger.  Migrant:innenorganisationen insgesamt sechs Werkst\u00e4tten statt.<\/p>\n<\/div>\n<\/div>\n\n\n\n<div style=\"height:20px\" aria-hidden=\"true\" class=\"wp-block-spacer\"><\/div>\n\n\n\n<div class=\"wp-block-group alignfull has-ast-global-color-5-background-color has-background\"><div class=\"wp-block-group__inner-container is-layout-flow wp-block-group-is-layout-flow\">\n<div class=\"wp-block-media-text alignwide has-media-on-the-right is-stacked-on-mobile is-vertically-aligned-center is-image-fill\"><figure class=\"wp-block-media-text__media\" style=\"background-image:url(https:\/\/dsf-leipzig.de\/dsf2.0\/wmo\/wp-content\/uploads\/sites\/9\/2021\/04\/Logo_WMOs_Var_4-.jpeg);background-position:50% 50%\"><img loading=\"lazy\" decoding=\"async\" width=\"500\" height=\"500\" src=\"https:\/\/dsf-leipzig.de\/dsf2.0\/wmo\/wp-content\/uploads\/sites\/9\/2021\/04\/Logo_WMOs_Var_4-.jpeg\" alt=\"\" class=\"wp-image-275 size-full\" srcset=\"https:\/\/dsf-leipzig.de\/dsf2.0\/wmo\/wp-content\/uploads\/sites\/9\/2021\/04\/Logo_WMOs_Var_4-.jpeg 500w, https:\/\/dsf-leipzig.de\/dsf2.0\/wmo\/wp-content\/uploads\/sites\/9\/2021\/04\/Logo_WMOs_Var_4--300x300.jpeg 300w, https:\/\/dsf-leipzig.de\/dsf2.0\/wmo\/wp-content\/uploads\/sites\/9\/2021\/04\/Logo_WMOs_Var_4--150x150.jpeg 150w, https:\/\/dsf-leipzig.de\/dsf2.0\/wmo\/wp-content\/uploads\/sites\/9\/2021\/04\/Logo_WMOs_Var_4--90x90.jpeg 90w\" sizes=\"auto, (max-width: 500px) 100vw, 500px\" \/><\/figure><div class=\"wp-block-media-text__content\">\n<p>Alle&nbsp;<strong>Ergebnisse und Berichte der Lernwerkst\u00e4tten.<\/strong>  2021&nbsp;aus unserem Projekt, finden sie\/ findet ihr direkt hier!<\/p>\n\n\n\n<div class=\"wp-block-buttons is-layout-flex wp-block-buttons-is-layout-flex\">\n<div class=\"wp-block-button\"><a class=\"wp-block-button__link has-black-color has-luminous-vivid-amber-background-color has-text-color has-background\" href=\"\" target=\"_blank\" rel=\"noreferrer noopener\">Dokumentation<\/a><\/div>\n<\/div>\n\n\n\n<p>Wir freuen uns also auf ein Wiedersehen an der ein oder anderen Stelle und schicken allen herzliche Gr\u00fc\u00dfe und ein gro\u00dfes Dankesch\u00f6n f\u00fcr ihr Feedback.<\/p>\n\n\n\n<p>Das Orga-Team der WMO<\/p>\n<\/div><\/div>\n<\/div><\/div>\n","protected":false},"excerpt":{"rendered":"<p>Informationen teilen, Strukturen st\u00e4rken! Wir wollen auch weiterhin einen Rahmen zu thematischem Austausch erm\u00f6glichen, um einander bei Fragen der t\u00e4glichen Vereinsarbeit zu unterst\u00fctzen und zusammenzuwachsen. Konferenzen,<\/p>\n","protected":false},"author":27,"featured_media":0,"parent":0,"menu_order":0,"comment_status":"closed","ping_status":"closed","template":"","meta":{"_uag_custom_page_level_css":"","_kadence_starter_templates_imported_post":false,"_joinchat":[],"footnotes":""},"class_list":["post-817","page","type-page","status-publish","hentry"],"uagb_featured_image_src":{"full":false,"thumbnail":false,"medium":false,"medium_large":false,"large":false,"1536x1536":false,"2048x2048":false,"cream-magazine-thumbnail-2":false,"cream-magazine-thumbnail-3":false,"cream-magazine-thumbnail-4":false},"uagb_author_info":{"display_name":"Administrador","author_link":"https:\/\/dsf-leipzig.de\/dsf2.0\/wmo\/author\/admin1\/"},"uagb_comment_info":0,"uagb_excerpt":"Informationen teilen, Strukturen st\u00e4rken! Wir wollen auch weiterhin einen Rahmen zu thematischem Austausch erm\u00f6glichen, um einander bei Fragen der t\u00e4glichen Vereinsarbeit zu unterst\u00fctzen und zusammenzuwachsen. Konferenzen,","jetpack_sharing_enabled":true,"_links":{"self":[{"href":"https:\/\/dsf-leipzig.de\/dsf2.0\/wmo\/wp-json\/wp\/v2\/pages\/817","targetHints":{"allow":["GET"]}}],"collection":[{"href":"https:\/\/dsf-leipzig.de\/dsf2.0\/wmo\/wp-json\/wp\/v2\/pages"}],"about":[{"href":"https:\/\/dsf-leipzig.de\/dsf2.0\/wmo\/wp-json\/wp\/v2\/types\/page"}],"author":[{"embeddable":true,"href":"https:\/\/dsf-leipzig.de\/dsf2.0\/wmo\/wp-json\/wp\/v2\/users\/27"}],"replies":[{"embeddable":true,"href":"https:\/\/dsf-leipzig.de\/dsf2.0\/wmo\/wp-json\/wp\/v2\/comments?post=817"}],"version-history":[{"count":12,"href":"https:\/\/dsf-leipzig.de\/dsf2.0\/wmo\/wp-json\/wp\/v2\/pages\/817\/revisions"}],"predecessor-version":[{"id":1531,"href":"https:\/\/dsf-leipzig.de\/dsf2.0\/wmo\/wp-json\/wp\/v2\/pages\/817\/revisions\/1531"}],"wp:attachment":[{"href":"https:\/\/dsf-leipzig.de\/dsf2.0\/wmo\/wp-json\/wp\/v2\/media?parent=817"}],"curies":[{"name":"wp","href":"https:\/\/api.w.org\/{rel}","templated":true}]}}